{"id":10,"date":"2026-05-03T01:33:57","date_gmt":"2026-05-02T23:33:57","guid":{"rendered":"https:\/\/radionogi.df-records.de\/?page_id=10"},"modified":"2026-05-05T18:00:39","modified_gmt":"2026-05-05T16:00:39","slug":"impressum","status":"publish","type":"page","link":"https:\/\/radionogi.df-records.de\/?page_id=10","title":{"rendered":"Impressum"},"content":{"rendered":"\n<p><strong>Angaben gem\u00e4\u00df \u00a7 5 TMG (Telemediengesetz)<\/strong><br>Verantwortlich f\u00fcr den Inhalt gem\u00e4\u00df \u00a7 55 Abs. 2 RStV:<\/p>\n\n\n\n<p>df-records.de<br>K. Kilian<br>Dillstr. 50<br>35708 Haiger \u2013 Germany<br>eMail: service@df-records.de<\/p>\n\n\n\n<p><strong>Verantwortlich f\u00fcr den Inhalt nach \u00a7 55 Abs. 2 RStV:<\/strong><br>K. Kilian<br>Adresse wie oben<\/p>\n\n\n\n<figure class=\"wp-block-image size-full is-resized\"><img loading=\"lazy\" decoding=\"async\" width=\"425\" height=\"250\" src=\"https:\/\/radionogi.df-records.de\/wp-content\/uploads\/2026\/05\/df_rcords_de_logo_250_clean.png\" alt=\"\" class=\"wp-image-114\" style=\"width:auto;height:100px\" srcset=\"https:\/\/radionogi.df-records.de\/wp-content\/uploads\/2026\/05\/df_rcords_de_logo_250_clean.png 425w, https:\/\/radionogi.df-records.de\/wp-content\/uploads\/2026\/05\/df_rcords_de_logo_250_clean-300x176.png 300w\" sizes=\"auto, (max-width: 425px) 100vw, 425px\" \/><\/figure>\n","protected":false},"excerpt":{"rendered":"<p>Angaben gem\u00e4\u00df \u00a7 5 TMG (Telemediengesetz)Verantwortlich f\u00fcr den Inhalt gem\u00e4\u00df \u00a7 55 Abs. 2 RStV: df-records.deK. KilianDillstr. 5035708<\/p>\n","protected":false},"author":1,"featured_media":0,"parent":0,"menu_order":0,"comment_status":"closed","ping_status":"closed","template":"","meta":{"footnotes":""},"class_list":["post-10","page","type-page","status-publish","hentry"],"_links":{"self":[{"href":"https:\/\/radionogi.df-records.de\/index.php?rest_route=\/wp\/v2\/pages\/10","targetHints":{"allow":["GET"]}}],"collection":[{"href":"https:\/\/radionogi.df-records.de\/index.php?rest_route=\/wp\/v2\/pages"}],"about":[{"href":"https:\/\/radionogi.df-records.de\/index.php?rest_route=\/wp\/v2\/types\/page"}],"author":[{"embeddable":true,"href":"https:\/\/radionogi.df-records.de\/index.php?rest_route=\/wp\/v2\/users\/1"}],"replies":[{"embeddable":true,"href":"https:\/\/radionogi.df-records.de\/index.php?rest_route=%2Fwp%2Fv2%2Fcomments&post=10"}],"version-history":[{"count":3,"href":"https:\/\/radionogi.df-records.de\/index.php?rest_route=\/wp\/v2\/pages\/10\/revisions"}],"predecessor-version":[{"id":116,"href":"https:\/\/radionogi.df-records.de\/index.php?rest_route=\/wp\/v2\/pages\/10\/revisions\/116"}],"wp:attachment":[{"href":"https:\/\/radionogi.df-records.de\/index.php?rest_route=%2Fwp%2Fv2%2Fmedia&parent=10"}],"curies":[{"name":"wp","href":"https:\/\/api.w.org\/{rel}","templated":true}]}}